{"id":63,"date":"2023-11-20T17:54:46","date_gmt":"2023-11-20T17:54:46","guid":{"rendered":"https:\/\/www.modernhouse.dev\/index.php\/home\/"},"modified":"2024-12-20T12:38:34","modified_gmt":"2024-12-20T12:38:34","slug":"home","status":"publish","type":"page","link":"https:\/\/www.modernhouse.dev\/","title":{"rendered":"Home"},"content":{"rendered":"\t\t<div data-elementor-type=\"wp-page\" data-elementor-id=\"63\" class=\"elementor elementor-63\">\n\t\t\t\t<div class=\"elementor-element elementor-element-d5cfde3 e-con-full e-flex e-con e-parent\" data-id=\"d5cfde3\" data-element_type=\"container\" data-settings=\"{&quot;background_background&quot;:&quot;slideshow&quot;,&quot;background_slideshow_gallery&quot;:[{&quot;id&quot;:804,&quot;url&quot;:&quot;http:\\\/\\\/www.modernhouse.dev\\\/wp-content\\\/uploads\\\/2024\\\/12\\\/EXT_06_strzelnica-scaled.jpg&quot;},{&quot;id&quot;:802,&quot;url&quot;:&quot;http:\\\/\\\/www.modernhouse.dev\\\/wp-content\\\/uploads\\\/2024\\\/12\\\/EXT_08_strzelnica-scaled.jpg&quot;},{&quot;id&quot;:803,&quot;url&quot;:&quot;http:\\\/\\\/www.modernhouse.dev\\\/wp-content\\\/uploads\\\/2024\\\/12\\\/EXT_07_strzelnica-scaled.jpg&quot;},{&quot;id&quot;:823,&quot;url&quot;:&quot;http:\\\/\\\/www.modernhouse.dev\\\/wp-content\\\/uploads\\\/2024\\\/12\\\/INT_05_strzelnica-scaled.jpg&quot;},{&quot;id&quot;:295,&quot;url&quot;:&quot;http:\\\/\\\/www.modernhouse.dev\\\/wp-content\\\/uploads\\\/2024\\\/01\\\/slajd3-scaled.jpg&quot;},{&quot;id&quot;:296,&quot;url&quot;:&quot;http:\\\/\\\/www.modernhouse.dev\\\/wp-content\\\/uploads\\\/2024\\\/01\\\/slajd2.jpg&quot;}],&quot;background_slideshow_slide_transition&quot;:&quot;slide_up&quot;,&quot;background_slideshow_transition_duration&quot;:1000,&quot;background_slideshow_ken_burns&quot;:&quot;yes&quot;,&quot;background_slideshow_loop&quot;:&quot;yes&quot;,&quot;background_slideshow_slide_duration&quot;:5000,&quot;background_slideshow_ken_burns_zoom_direction&quot;:&quot;in&quot;}\">\n\t\t<div class=\"elementor-element elementor-element-d6a8ff5 e-con-full e-flex e-con e-child\" data-id=\"d6a8ff5\" data-element_type=\"container\">\n\t\t\t\t<\/div>\n\t\t\t\t<div class=\"elementor-element elementor-element-d84529f elementor-widget elementor-widget-heading\" data-id=\"d84529f\" data-element_type=\"widget\" data-widget_type=\"heading.default\">\n\t\t\t\t<div class=\"elementor-widget-container\">\n\t\t\t<h2 class=\"elementor-heading-title elementor-size-default\">Inwestycja Dom na Strzelnicy \u00b94<br><\/h2>\t\t<\/div>\n\t\t\t\t<\/div>\n\t\t<div class=\"elementor-element elementor-element-30c5d89 e-con-full e-flex e-con e-child\" data-id=\"30c5d89\" data-element_type=\"container\">\n\t\t\t\t<\/div>\n\t\t\t\t<div class=\"elementor-element elementor-element-55426c2 elementor-align-center elementor-widget elementor-widget-button\" data-id=\"55426c2\" data-element_type=\"widget\" data-widget_type=\"button.default\">\n\t\t\t\t<div class=\"elementor-widget-container\">\n\t\t\t\t\t\t\t<div class=\"elementor-button-wrapper\">\n\t\t\t\t\t<a class=\"elementor-button elementor-button-link elementor-size-sm elementor-animation-grow\" href=\"http:\/\/www.modernhouse.dev\/index.php\/elementor-34\/\">\n\t\t\t\t\t\t<span class=\"elementor-button-content-wrapper\">\n\t\t\t\t\t\t\t\t\t<span class=\"elementor-button-text\">Zobacz wi\u0119cej<\/span>\n\t\t\t\t\t<\/span>\n\t\t\t\t\t<\/a>\n\t\t\t\t<\/div>\n\t\t\t\t\t\t<\/div>\n\t\t\t\t<\/div>\n\t\t<div class=\"elementor-element elementor-element-f33f990 e-con-full e-flex e-con e-child\" data-id=\"f33f990\" data-element_type=\"container\">\n\t\t\t\t<\/div>\n\t\t\t\t<\/div>\n\t\t<div class=\"elementor-element elementor-element-76b52626 e-flex e-con-boxed e-con e-parent\" data-id=\"76b52626\" data-element_type=\"container\">\n\t\t\t\t\t<div class=\"e-con-inner\">\n\t\t\t\t<div class=\"elementor-element elementor-element-30e5297 elementor-widget elementor-widget-heading\" data-id=\"30e5297\" data-element_type=\"widget\" data-widget_type=\"heading.default\">\n\t\t\t\t<div class=\"elementor-widget-container\">\n\t\t\t<h2 class=\"elementor-heading-title elementor-size-default\">Inwestycje<\/h2>\t\t<\/div>\n\t\t\t\t<\/div>\n\t\t\t\t<div class=\"elementor-element elementor-element-ccbb979 elementor-widget elementor-widget-heading\" data-id=\"ccbb979\" data-element_type=\"widget\" data-widget_type=\"heading.default\">\n\t\t\t\t<div class=\"elementor-widget-container\">\n\t\t\t<h5 class=\"elementor-heading-title elementor-size-default\">\nPresti\u017cowe inwestycje zlokalizowane na Woli Justowskiej<\/h5>\t\t<\/div>\n\t\t\t\t<\/div>\n\t\t<div class=\"elementor-element elementor-element-b2d7dbe e-con-full e-flex e-con e-child\" data-id=\"b2d7dbe\" data-element_type=\"container\">\n\t\t\t\t<div class=\"elementor-element elementor-element-43ed2439 elementor-widget-tablet__width-initial elementor-widget-mobile__width-inherit elementor-widget__width-initial elementor-position-top elementor-widget elementor-widget-image-box\" data-id=\"43ed2439\" data-element_type=\"widget\" data-widget_type=\"image-box.default\">\n\t\t\t\t<div class=\"elementor-widget-container\">\n\t\t\t<div class=\"elementor-image-box-wrapper\"><figure class=\"elementor-image-box-img\"><a href=\"http:\/\/www.modernhouse.dev\/index.php\/elementor-34\/\" tabindex=\"-1\"><img fetchpriority=\"high\" decoding=\"async\" width=\"1920\" height=\"1080\" src=\"https:\/\/www.modernhouse.dev\/wp-content\/uploads\/2024\/12\/str.jpg\" class=\"elementor-animation-grow attachment-full size-full wp-image-814\" alt=\"\" srcset=\"https:\/\/www.modernhouse.dev\/wp-content\/uploads\/2024\/12\/str.jpg 1920w, https:\/\/www.modernhouse.dev\/wp-content\/uploads\/2024\/12\/str-300x169.jpg 300w, https:\/\/www.modernhouse.dev\/wp-content\/uploads\/2024\/12\/str-1024x576.jpg 1024w, https:\/\/www.modernhouse.dev\/wp-content\/uploads\/2024\/12\/str-768x432.jpg 768w, https:\/\/www.modernhouse.dev\/wp-content\/uploads\/2024\/12\/str-1536x864.jpg 1536w\" sizes=\"(max-width: 1920px) 100vw, 1920px\" \/><\/a><\/figure><div class=\"elementor-image-box-content\"><h4 class=\"elementor-image-box-title\"><a href=\"http:\/\/www.modernhouse.dev\/index.php\/elementor-34\/\">Dom na strzelnicy<\/a><\/h4><p class=\"elementor-image-box-description\">Modernistyczny dom o powierzchni 150 m\u00b2, po\u0142o\u017cony w otoczeniu rzeki na Woli Justowskiej. Nowoczesna architektura, i nowoczesna technologia.<\/p><\/div><\/div>\t\t<\/div>\n\t\t\t\t<\/div>\n\t\t\t\t<div class=\"elementor-element elementor-element-4013ea92 elementor-widget-tablet__width-initial elementor-widget-mobile__width-inherit elementor-widget__width-initial elementor-position-top elementor-widget elementor-widget-image-box\" data-id=\"4013ea92\" data-element_type=\"widget\" data-widget_type=\"image-box.default\">\n\t\t\t\t<div class=\"elementor-widget-container\">\n\t\t\t<div class=\"elementor-image-box-wrapper\"><figure class=\"elementor-image-box-img\"><img decoding=\"async\" width=\"1920\" height=\"1080\" src=\"https:\/\/www.modernhouse.dev\/wp-content\/uploads\/2024\/12\/28.jpg\" class=\"elementor-animation-grow attachment-full size-full wp-image-813\" alt=\"\" srcset=\"https:\/\/www.modernhouse.dev\/wp-content\/uploads\/2024\/12\/28.jpg 1920w, https:\/\/www.modernhouse.dev\/wp-content\/uploads\/2024\/12\/28-300x169.jpg 300w, https:\/\/www.modernhouse.dev\/wp-content\/uploads\/2024\/12\/28-1024x576.jpg 1024w, https:\/\/www.modernhouse.dev\/wp-content\/uploads\/2024\/12\/28-768x432.jpg 768w, https:\/\/www.modernhouse.dev\/wp-content\/uploads\/2024\/12\/28-1536x864.jpg 1536w\" sizes=\"(max-width: 1920px) 100vw, 1920px\" \/><\/figure><div class=\"elementor-image-box-content\"><h4 class=\"elementor-image-box-title\">Wille przy 28 LIPCA<\/h4><p class=\"elementor-image-box-description\">Start budowy: Koniec roku \/ Stycze\u0144<\/p><\/div><\/div>\t\t<\/div>\n\t\t\t\t<\/div>\n\t\t\t\t<div class=\"elementor-element elementor-element-580d492f elementor-widget-tablet__width-initial elementor-widget-mobile__width-inherit elementor-widget__width-initial elementor-position-top elementor-widget elementor-widget-image-box\" data-id=\"580d492f\" data-element_type=\"widget\" data-widget_type=\"image-box.default\">\n\t\t\t\t<div class=\"elementor-widget-container\">\n\t\t\t<div class=\"elementor-image-box-wrapper\"><figure class=\"elementor-image-box-img\"><img decoding=\"async\" width=\"1920\" height=\"1080\" src=\"https:\/\/www.modernhouse.dev\/wp-content\/uploads\/2024\/11\/kor2.jpg\" class=\"elementor-animation-grow attachment-full size-full wp-image-649\" alt=\"\" srcset=\"https:\/\/www.modernhouse.dev\/wp-content\/uploads\/2024\/11\/kor2.jpg 1920w, https:\/\/www.modernhouse.dev\/wp-content\/uploads\/2024\/11\/kor2-300x169.jpg 300w, https:\/\/www.modernhouse.dev\/wp-content\/uploads\/2024\/11\/kor2-1024x576.jpg 1024w, https:\/\/www.modernhouse.dev\/wp-content\/uploads\/2024\/11\/kor2-768x432.jpg 768w, https:\/\/www.modernhouse.dev\/wp-content\/uploads\/2024\/11\/kor2-1536x864.jpg 1536w\" sizes=\"(max-width: 1920px) 100vw, 1920px\" \/><\/figure><div class=\"elementor-image-box-content\"><h4 class=\"elementor-image-box-title\">Domy Przy Korbutowej<\/h4><p class=\"elementor-image-box-description\">Projekt w trakcie realizacji\n<\/p><\/div><\/div>\t\t<\/div>\n\t\t\t\t<\/div>\n\t\t\t\t<\/div>\n\t\t\t\t\t<\/div>\n\t\t\t\t<\/div>\n\t\t<div class=\"elementor-element elementor-element-2b03c396 e-flex e-con-boxed e-con e-parent\" data-id=\"2b03c396\" data-element_type=\"container\" id=\"next\">\n\t\t\t\t\t<div class=\"e-con-inner\">\n\t\t\t\t<div class=\"elementor-element elementor-element-32bd412c elementor-widget elementor-widget-heading\" data-id=\"32bd412c\" data-element_type=\"widget\" data-widget_type=\"heading.default\">\n\t\t\t\t<div class=\"elementor-widget-container\">\n\t\t\t<h2 class=\"elementor-heading-title elementor-size-default\">Modern House<\/h2>\t\t<\/div>\n\t\t\t\t<\/div>\n\t\t<div class=\"elementor-element elementor-element-2230900 e-con-full e-flex e-con e-child\" data-id=\"2230900\" data-element_type=\"container\">\n\t\t<div class=\"elementor-element elementor-element-3422c57e e-con-full e-flex e-con e-child\" data-id=\"3422c57e\" data-element_type=\"container\" data-settings=\"{&quot;background_background&quot;:&quot;classic&quot;}\">\n\t\t\t\t<div class=\"elementor-element elementor-element-161e2824 elementor-widget elementor-widget-heading\" data-id=\"161e2824\" data-element_type=\"widget\" data-widget_type=\"heading.default\">\n\t\t\t\t<div class=\"elementor-widget-container\">\n\t\t\t<h4 class=\"elementor-heading-title elementor-size-default\">Zakup nieruchomo\u015bci<\/h4>\t\t<\/div>\n\t\t\t\t<\/div>\n\t\t\t\t<div class=\"elementor-element elementor-element-470c3885 elementor-widget-divider--view-line elementor-widget elementor-widget-divider\" data-id=\"470c3885\" data-element_type=\"widget\" data-widget_type=\"divider.default\">\n\t\t\t\t<div class=\"elementor-widget-container\">\n\t\t\t\t\t<div class=\"elementor-divider\">\n\t\t\t<span class=\"elementor-divider-separator\">\n\t\t\t\t\t\t<\/span>\n\t\t<\/div>\n\t\t\t\t<\/div>\n\t\t\t\t<\/div>\n\t\t\t\t<div class=\"elementor-element elementor-element-2412c2d4 elementor-widget elementor-widget-text-editor\" data-id=\"2412c2d4\" data-element_type=\"widget\" data-widget_type=\"text-editor.default\">\n\t\t\t\t<div class=\"elementor-widget-container\">\n\t\t\t\t\t\t\t<p>Posiadasz dzia\u0142k\u0119 lub nieruchomo\u015b\u0107? Zadzwo\u0144 do nas.<\/p>\t\t\t\t\t\t<\/div>\n\t\t\t\t<\/div>\n\t\t\t\t<\/div>\n\t\t<div class=\"elementor-element elementor-element-3c11ef1e e-con-full e-flex e-con e-child\" data-id=\"3c11ef1e\" data-element_type=\"container\" data-settings=\"{&quot;background_background&quot;:&quot;classic&quot;}\">\n\t\t\t\t<div class=\"elementor-element elementor-element-4b81fa04 elementor-widget elementor-widget-heading\" data-id=\"4b81fa04\" data-element_type=\"widget\" data-widget_type=\"heading.default\">\n\t\t\t\t<div class=\"elementor-widget-container\">\n\t\t\t<h4 class=\"elementor-heading-title elementor-size-default\">Projekty i budownictwo<\/h4>\t\t<\/div>\n\t\t\t\t<\/div>\n\t\t\t\t<div class=\"elementor-element elementor-element-78cbc431 elementor-widget-divider--view-line elementor-widget elementor-widget-divider\" data-id=\"78cbc431\" data-element_type=\"widget\" data-widget_type=\"divider.default\">\n\t\t\t\t<div class=\"elementor-widget-container\">\n\t\t\t\t\t<div class=\"elementor-divider\">\n\t\t\t<span class=\"elementor-divider-separator\">\n\t\t\t\t\t\t<\/span>\n\t\t<\/div>\n\t\t\t\t<\/div>\n\t\t\t\t<\/div>\n\t\t\t\t<div class=\"elementor-element elementor-element-232fd491 elementor-widget elementor-widget-text-editor\" data-id=\"232fd491\" data-element_type=\"widget\" data-widget_type=\"text-editor.default\">\n\t\t\t\t<div class=\"elementor-widget-container\">\n\t\t\t\t\t\t\t<p>Unikalne projekty, funkcjonalne, ekonomiczne i ekologiczne rozwi\u0105zania.<br>Pe\u0142na obs\u0142uga prawno-formalna i specjalistyczna wiedza techniczna.<br><\/p>\t\t\t\t\t\t<\/div>\n\t\t\t\t<\/div>\n\t\t\t\t<\/div>\n\t\t<div class=\"elementor-element elementor-element-896f1cc e-con-full e-flex e-con e-child\" data-id=\"896f1cc\" data-element_type=\"container\" data-settings=\"{&quot;background_background&quot;:&quot;classic&quot;}\">\n\t\t\t\t<div class=\"elementor-element elementor-element-74b1013b elementor-widget elementor-widget-heading\" data-id=\"74b1013b\" data-element_type=\"widget\" data-widget_type=\"heading.default\">\n\t\t\t\t<div class=\"elementor-widget-container\">\n\t\t\t<h4 class=\"elementor-heading-title elementor-size-default\">Projekty i relizacja wn\u0119trz<\/h4>\t\t<\/div>\n\t\t\t\t<\/div>\n\t\t\t\t<div class=\"elementor-element elementor-element-270665e5 elementor-widget-divider--view-line elementor-widget elementor-widget-divider\" data-id=\"270665e5\" data-element_type=\"widget\" data-widget_type=\"divider.default\">\n\t\t\t\t<div class=\"elementor-widget-container\">\n\t\t\t\t\t<div class=\"elementor-divider\">\n\t\t\t<span class=\"elementor-divider-separator\">\n\t\t\t\t\t\t<\/span>\n\t\t<\/div>\n\t\t\t\t<\/div>\n\t\t\t\t<\/div>\n\t\t\t\t<div class=\"elementor-element elementor-element-75779c0f elementor-widget elementor-widget-text-editor\" data-id=\"75779c0f\" data-element_type=\"widget\" data-widget_type=\"text-editor.default\">\n\t\t\t\t<div class=\"elementor-widget-container\">\n\t\t\t\t\t\t\t<p>Wsp\u00f3\u0142praca z Modern House podnosi presti\u017c inwestycji, tworz\u0105c niepowtarzalne miejsca.<\/p>\t\t\t\t\t\t<\/div>\n\t\t\t\t<\/div>\n\t\t\t\t<\/div>\n\t\t\t\t<\/div>\n\t\t\t\t\t<\/div>\n\t\t\t\t<\/div>\n\t\t<div class=\"elementor-element elementor-element-4c3cac6b e-flex e-con-boxed e-con e-parent\" data-id=\"4c3cac6b\" data-element_type=\"container\">\n\t\t\t\t\t<div class=\"e-con-inner\">\n\t\t<div class=\"elementor-element elementor-element-34530233 e-con-full e-flex e-con e-child\" data-id=\"34530233\" data-element_type=\"container\" data-settings=\"{&quot;background_background&quot;:&quot;classic&quot;}\">\n\t\t\t\t<\/div>\n\t\t<div class=\"elementor-element elementor-element-38737bf9 e-con-full e-flex e-con e-child\" data-id=\"38737bf9\" data-element_type=\"container\">\n\t\t\t\t<div class=\"elementor-element elementor-element-4fa4a666 elementor-widget elementor-widget-heading\" data-id=\"4fa4a666\" data-element_type=\"widget\" data-widget_type=\"heading.default\">\n\t\t\t\t<div class=\"elementor-widget-container\">\n\t\t\t<h2 class=\"elementor-heading-title elementor-size-default\">Kontakt<\/h2>\t\t<\/div>\n\t\t\t\t<\/div>\n\t\t\t\t<div class=\"elementor-element elementor-element-3e691c69 elementor-widget elementor-widget-text-editor\" data-id=\"3e691c69\" data-element_type=\"widget\" data-widget_type=\"text-editor.default\">\n\t\t\t\t<div class=\"elementor-widget-container\">\n\t\t\t\t\t\t\t<p><span class=\"elementor-icon-list-text\"><b>Telefon:<\/b>\u00a0784 666 602<\/span><\/p><p><span class=\"elementor-icon-list-text\"><b>Email:<\/b>\u00a0office@modernhouse.dev<\/span><\/p><p><span class=\"elementor-icon-list-text\"><span style=\"font-weight: bold; color: #525252; text-align: center; white-space-collapse: preserve;\">Adres:<\/span><span style=\"color: #525252; text-align: center; white-space-collapse: preserve;\"> J\u00f3zefa Ignacego Kraszewskiego 36<\/span><br \/><\/span><\/p>\t\t\t\t\t\t<\/div>\n\t\t\t\t<\/div>\n\t\t\t\t<\/div>\n\t\t\t\t\t<\/div>\n\t\t\t\t<\/div>\n\t\t<div class=\"elementor-element elementor-element-4fe4637 e-flex e-con-boxed e-con e-parent\" data-id=\"4fe4637\" data-element_type=\"container\">\n\t\t\t\t\t<div class=\"e-con-inner\">\n\t\t<div class=\"elementor-element elementor-element-1a625fa e-flex e-con-boxed e-con e-child\" data-id=\"1a625fa\" data-element_type=\"container\">\n\t\t\t\t\t<div class=\"e-con-inner\">\n\t\t<div class=\"elementor-element elementor-element-8863c74 e-flex e-con-boxed e-con e-child\" data-id=\"8863c74\" data-element_type=\"container\">\n\t\t\t\t\t<div class=\"e-con-inner\">\n\t\t\t\t\t<\/div>\n\t\t\t\t<\/div>\n\t\t<div class=\"elementor-element elementor-element-41cb35d e-con-full e-flex e-con e-child\" data-id=\"41cb35d\" data-element_type=\"container\">\n\t\t\t\t<\/div>\n\t\t\t\t<div class=\"elementor-element elementor-element-df33839 elementor-widget elementor-widget-google_maps\" data-id=\"df33839\" data-element_type=\"widget\" data-widget_type=\"google_maps.default\">\n\t\t\t\t<div class=\"elementor-widget-container\">\n\t\t\t\t\t<div class=\"elementor-custom-embed\">\n\t\t\t<iframe loading=\"lazy\"\n\t\t\t\t\tsrc=\"https:\/\/maps.google.com\/maps?q=J%C3%B3zefa%20Ignacego%20Kraszewskiego%2036%20krakow&#038;t=m&#038;z=17&#038;output=embed&#038;iwloc=near\"\n\t\t\t\t\ttitle=\"J\u00f3zefa Ignacego Kraszewskiego 36 krakow\"\n\t\t\t\t\taria-label=\"J\u00f3zefa Ignacego Kraszewskiego 36 krakow\"\n\t\t\t><\/iframe>\n\t\t<\/div>\n\t\t\t\t<\/div>\n\t\t\t\t<\/div>\n\t\t\t\t\t<\/div>\n\t\t\t\t<\/div>\n\t\t\t\t\t<\/div>\n\t\t\t\t<\/div>\n\t\t<div class=\"elementor-element elementor-element-3e74bac e-flex e-con-boxed e-con e-parent\" data-id=\"3e74bac\" data-element_type=\"container\">\n\t\t\t\t\t<div class=\"e-con-inner\">\n\t\t<div class=\"elementor-element elementor-element-00aaf8e e-con-full e-flex e-con e-child\" data-id=\"00aaf8e\" data-element_type=\"container\">\n\t\t\t\t<div class=\"elementor-element elementor-element-517000d elementor-widget-divider--view-line elementor-widget elementor-widget-divider\" data-id=\"517000d\" data-element_type=\"widget\" data-widget_type=\"divider.default\">\n\t\t\t\t<div class=\"elementor-widget-container\">\n\t\t\t\t\t<div class=\"elementor-divider\">\n\t\t\t<span class=\"elementor-divider-separator\">\n\t\t\t\t\t\t<\/span>\n\t\t<\/div>\n\t\t\t\t<\/div>\n\t\t\t\t<\/div>\n\t\t\t\t<div class=\"elementor-element elementor-element-a10451a elementor-widget-divider--view-line elementor-widget elementor-widget-divider\" data-id=\"a10451a\" data-element_type=\"widget\" data-widget_type=\"divider.default\">\n\t\t\t\t<div class=\"elementor-widget-container\">\n\t\t\t\t\t<div class=\"elementor-divider\">\n\t\t\t<span class=\"elementor-divider-separator\">\n\t\t\t\t\t\t<\/span>\n\t\t<\/div>\n\t\t\t\t<\/div>\n\t\t\t\t<\/div>\n\t\t<div class=\"elementor-element elementor-element-bae0da5 e-con-full e-flex e-con e-child\" data-id=\"bae0da5\" data-element_type=\"container\">\n\t\t\t\t<div class=\"elementor-element elementor-element-4e661a1 elementor-view-stacked elementor-shape-circle elementor-widget elementor-widget-icon\" data-id=\"4e661a1\" data-element_type=\"widget\" data-widget_type=\"icon.default\">\n\t\t\t\t<div class=\"elementor-widget-container\">\n\t\t\t\t\t<div class=\"elementor-icon-wrapper\">\n\t\t\t<a class=\"elementor-icon\" href=\"https:\/\/www.facebook.com\/modernhousedev\">\n\t\t\t<svg aria-hidden=\"true\" class=\"e-font-icon-svg e-fab-facebook-f\" viewBox=\"0 0 320 512\" xmlns=\"http:\/\/www.w3.org\/2000\/svg\"><path d=\"M279.14 288l14.22-92.66h-88.91v-60.13c0-25.35 12.42-50.06 52.24-50.06h40.42V6.26S260.43 0 225.36 0c-73.22 0-121.08 44.38-121.08 124.72v70.62H22.89V288h81.39v224h100.17V288z\"><\/path><\/svg>\t\t\t<\/a>\n\t\t<\/div>\n\t\t\t\t<\/div>\n\t\t\t\t<\/div>\n\t\t\t\t<div class=\"elementor-element elementor-element-bbb0c3c elementor-view-stacked elementor-shape-circle elementor-widget elementor-widget-icon\" data-id=\"bbb0c3c\" data-element_type=\"widget\" data-widget_type=\"icon.default\">\n\t\t\t\t<div class=\"elementor-widget-container\">\n\t\t\t\t\t<div class=\"elementor-icon-wrapper\">\n\t\t\t<a class=\"elementor-icon\" href=\"https:\/\/www.youtube.com\/@omegaestates4999\">\n\t\t\t<svg aria-hidden=\"true\" class=\"e-font-icon-svg e-fab-youtube\" viewBox=\"0 0 576 512\" xmlns=\"http:\/\/www.w3.org\/2000\/svg\"><path d=\"M549.655 124.083c-6.281-23.65-24.787-42.276-48.284-48.597C458.781 64 288 64 288 64S117.22 64 74.629 75.486c-23.497 6.322-42.003 24.947-48.284 48.597-11.412 42.867-11.412 132.305-11.412 132.305s0 89.438 11.412 132.305c6.281 23.65 24.787 41.5 48.284 47.821C117.22 448 288 448 288 448s170.78 0 213.371-11.486c23.497-6.321 42.003-24.171 48.284-47.821 11.412-42.867 11.412-132.305 11.412-132.305s0-89.438-11.412-132.305zm-317.51 213.508V175.185l142.739 81.205-142.739 81.201z\"><\/path><\/svg>\t\t\t<\/a>\n\t\t<\/div>\n\t\t\t\t<\/div>\n\t\t\t\t<\/div>\n\t\t\t\t<div class=\"elementor-element elementor-element-ed14e30 elementor-view-stacked elementor-shape-circle elementor-widget elementor-widget-icon\" data-id=\"ed14e30\" data-element_type=\"widget\" data-widget_type=\"icon.default\">\n\t\t\t\t<div class=\"elementor-widget-container\">\n\t\t\t\t\t<div class=\"elementor-icon-wrapper\">\n\t\t\t<a class=\"elementor-icon\" href=\"https:\/\/www.instagram.com\/modernhousedev\">\n\t\t\t<svg aria-hidden=\"true\" class=\"e-font-icon-svg e-fab-instagram\" viewBox=\"0 0 448 512\" xmlns=\"http:\/\/www.w3.org\/2000\/svg\"><path d=\"M224.1 141c-63.6 0-114.9 51.3-114.9 114.9s51.3 114.9 114.9 114.9S339 319.5 339 255.9 287.7 141 224.1 141zm0 189.6c-41.1 0-74.7-33.5-74.7-74.7s33.5-74.7 74.7-74.7 74.7 33.5 74.7 74.7-33.6 74.7-74.7 74.7zm146.4-194.3c0 14.9-12 26.8-26.8 26.8-14.9 0-26.8-12-26.8-26.8s12-26.8 26.8-26.8 26.8 12 26.8 26.8zm76.1 27.2c-1.7-35.9-9.9-67.7-36.2-93.9-26.2-26.2-58-34.4-93.9-36.2-37-2.1-147.9-2.1-184.9 0-35.8 1.7-67.6 9.9-93.9 36.1s-34.4 58-36.2 93.9c-2.1 37-2.1 147.9 0 184.9 1.7 35.9 9.9 67.7 36.2 93.9s58 34.4 93.9 36.2c37 2.1 147.9 2.1 184.9 0 35.9-1.7 67.7-9.9 93.9-36.2 26.2-26.2 34.4-58 36.2-93.9 2.1-37 2.1-147.8 0-184.8zM398.8 388c-7.8 19.6-22.9 34.7-42.6 42.6-29.5 11.7-99.5 9-132.1 9s-102.7 2.6-132.1-9c-19.6-7.8-34.7-22.9-42.6-42.6-11.7-29.5-9-99.5-9-132.1s-2.6-102.7 9-132.1c7.8-19.6 22.9-34.7 42.6-42.6 29.5-11.7 99.5-9 132.1-9s102.7-2.6 132.1 9c19.6 7.8 34.7 22.9 42.6 42.6 11.7 29.5 9 99.5 9 132.1s2.7 102.7-9 132.1z\"><\/path><\/svg>\t\t\t<\/a>\n\t\t<\/div>\n\t\t\t\t<\/div>\n\t\t\t\t<\/div>\n\t\t\t\t<\/div>\n\t\t\t\t<\/div>\n\t\t\t\t\t<\/div>\n\t\t\t\t<\/div>\n\t\t<div class=\"elementor-element elementor-element-7ec971ec e-flex e-con-boxed e-con e-parent\" data-id=\"7ec971ec\" data-element_type=\"container\">\n\t\t\t\t\t<div class=\"e-con-inner\">\n\t\t\t\t<div class=\"elementor-element elementor-element-6abcc723 elementor-widget elementor-widget-heading\" data-id=\"6abcc723\" data-element_type=\"widget\" data-widget_type=\"heading.default\">\n\t\t\t\t<div class=\"elementor-widget-container\">\n\t\t\t<h2 class=\"elementor-heading-title elementor-size-default\">\n<\/h2>\t\t<\/div>\n\t\t\t\t<\/div>\n\t\t\t\t\t<\/div>\n\t\t\t\t<\/div>\n\t\t\t\t<\/div>\n\t\t","protected":false},"excerpt":{"rendered":"<p>Inwestycja Dom na Strzelnicy \u00b94 Zobacz wi\u0119cej Inwestycje Presti\u017cowe inwestycje zlokalizowane na Woli Justowskiej Dom na strzelnicy Modernistyczny dom o powierzchni 150 m\u00b2, po\u0142o\u017cony w otoczeniu rzeki na Woli Justowskiej. Nowoczesna architektura, i nowoczesna technologia. Wille przy 28 LIPCA Start budowy: Koniec roku \/ Stycze\u0144 Domy Przy Korbutowej Projekt w trakcie realizacji Modern House Zakup [&hellip;]<\/p>\n","protected":false},"author":1,"featured_media":0,"parent":0,"menu_order":0,"comment_status":"closed","ping_status":"closed","template":"elementor_header_footer","meta":{"footnotes":""},"_links":{"self":[{"href":"https:\/\/www.modernhouse.dev\/index.php\/wp-json\/wp\/v2\/pages\/63"}],"collection":[{"href":"https:\/\/www.modernhouse.dev\/index.php\/wp-json\/wp\/v2\/pages"}],"about":[{"href":"https:\/\/www.modernhouse.dev\/index.php\/wp-json\/wp\/v2\/types\/page"}],"author":[{"embeddable":true,"href":"https:\/\/www.modernhouse.dev\/index.php\/wp-json\/wp\/v2\/users\/1"}],"replies":[{"embeddable":true,"href":"https:\/\/www.modernhouse.dev\/index.php\/wp-json\/wp\/v2\/comments?post=63"}],"version-history":[{"count":434,"href":"https:\/\/www.modernhouse.dev\/index.php\/wp-json\/wp\/v2\/pages\/63\/revisions"}],"predecessor-version":[{"id":830,"href":"https:\/\/www.modernhouse.dev\/index.php\/wp-json\/wp\/v2\/pages\/63\/revisions\/830"}],"wp:attachment":[{"href":"https:\/\/www.modernhouse.dev\/index.php\/wp-json\/wp\/v2\/media?parent=63"}],"curies":[{"name":"wp","href":"https:\/\/api.w.org\/{rel}","templated":true}]}}